{"id":2071,"date":"2025-07-04T11:15:51","date_gmt":"2025-07-04T15:15:51","guid":{"rendered":"https:\/\/fcnq.ca\/comite\/"},"modified":"2026-01-09T12:26:04","modified_gmt":"2026-01-09T17:26:04","slug":"comite","status":"publish","type":"page","link":"https:\/\/fcnq.ca\/fr\/comite\/","title":{"rendered":"Committee"},"content":{"rendered":"\t\t<div data-elementor-type=\"wp-page\" data-elementor-id=\"2071\" class=\"elementor elementor-2071 elementor-1448\" data-elementor-post-type=\"page\">\n\t\t\t\t<div class=\"elementor-element elementor-element-66a3384a e-flex e-con-boxed e-con e-parent\" data-id=\"66a3384a\" data-element_type=\"container\" data-settings=\"{&quot;background_background&quot;:&quot;classic&quot;}\">\n\t\t\t\t\t<div class=\"e-con-inner\">\n\t\t<div class=\"elementor-element elementor-element-12b6475e e-con-full e-grid e-con e-child\" data-id=\"12b6475e\" data-element_type=\"container\">\n\t\t\t\t<div class=\"elementor-element elementor-element-314a5194 elementor-widget elementor-widget-heading\" data-id=\"314a5194\" data-element_type=\"widget\" data-widget_type=\"heading.default\">\n\t\t\t\t<div class=\"elementor-widget-container\">\n\t\t\t\t\t<h2 class=\"elementor-heading-title elementor-size-default\">Comit\u00e9 ex\u00e9cutif<\/h2>\t\t\t\t<\/div>\n\t\t\t\t<\/div>\n\t\t\t\t<div class=\"elementor-element elementor-element-3eaf928c elementor-widget elementor-widget-heading\" data-id=\"3eaf928c\" data-element_type=\"widget\" data-widget_type=\"heading.default\">\n\t\t\t\t<div class=\"elementor-widget-container\">\n\t\t\t\t\t<h4 class=\"elementor-heading-title elementor-size-default\">\u00c0 la suite de l\u2019Assembl\u00e9e g\u00e9n\u00e9rale annuelle de la FCNQ\u2013Ilagiisaq, le conseil tient sa premi\u00e8re s\u00e9ance pour \u00e9lire son Comit\u00e9 ex\u00e9cutif \u2014 comprenant un pr\u00e9sident, deux vice-pr\u00e9sidents (pour la baie d\u2019Ungava et la baie d\u2019Hudson) et deux directeurs ex\u00e9cutifs \u2014 qui si\u00e8gent \u00e9galement aux conseils d\u2019administration de leurs coop\u00e9ratives locales respectives.\n<\/h4>\t\t\t\t<\/div>\n\t\t\t\t<\/div>\n\t\t\t\t<\/div>\n\t\t<div class=\"elementor-element elementor-element-74cea9d4 e-grid e-con-full e-con e-child\" data-id=\"74cea9d4\" data-element_type=\"container\" data-settings=\"{&quot;background_background&quot;:&quot;classic&quot;}\">\n\t\t\t\t<div class=\"elementor-element elementor-element-56fe49e9 elementor-widget elementor-widget-image\" data-id=\"56fe49e9\" data-element_type=\"widget\" data-widget_type=\"image.default\">\n\t\t\t\t<div class=\"elementor-widget-container\">\n\t\t\t\t\t\t\t\t\t\t\t\t<figure class=\"wp-caption\">\n\t\t\t\t\t\t\t\t\t\t<img fetchpriority=\"high\" decoding=\"async\" width=\"268\" height=\"221\" src=\"https:\/\/fcnq.ca\/wp-content\/uploads\/2025\/04\/vector-graphic-white-01.png\" class=\"attachment-large size-large wp-image-942\" alt=\"\" \/>\t\t\t\t\t\t\t\t\t\t\t<figcaption class=\"widget-image-caption wp-caption-text\">Pr\u00e9sident, Eluscar (Kulu) Tukalak<\/br> (Puvirnituq)<\/figcaption>\n\t\t\t\t\t\t\t\t\t\t<\/figure>\n\t\t\t\t\t\t\t\t\t<\/div>\n\t\t\t\t<\/div>\n\t\t\t\t<div class=\"elementor-element elementor-element-5365d818 elementor-widget elementor-widget-image\" data-id=\"5365d818\" data-element_type=\"widget\" data-widget_type=\"image.default\">\n\t\t\t\t<div class=\"elementor-widget-container\">\n\t\t\t\t\t\t\t\t\t\t\t\t<figure class=\"wp-caption\">\n\t\t\t\t\t\t\t\t\t\t<img fetchpriority=\"high\" decoding=\"async\" width=\"268\" height=\"221\" src=\"https:\/\/fcnq.ca\/wp-content\/uploads\/2025\/04\/vector-graphic-white-01.png\" class=\"attachment-large size-large wp-image-942\" alt=\"\" \/>\t\t\t\t\t\t\t\t\t\t\t<figcaption class=\"widget-image-caption wp-caption-text\">Vice-pr\u00e9sident, C\u00f4te d'Hudson<\/br> Michael Cameron<\/br> (Salluit)<\/figcaption>\n\t\t\t\t\t\t\t\t\t\t<\/figure>\n\t\t\t\t\t\t\t\t\t<\/div>\n\t\t\t\t<\/div>\n\t\t\t\t<div class=\"elementor-element elementor-element-f2d8311 elementor-widget elementor-widget-image\" data-id=\"f2d8311\" data-element_type=\"widget\" data-widget_type=\"image.default\">\n\t\t\t\t<div class=\"elementor-widget-container\">\n\t\t\t\t\t\t\t\t\t\t\t\t<figure class=\"wp-caption\">\n\t\t\t\t\t\t\t\t\t\t<img fetchpriority=\"high\" decoding=\"async\" width=\"268\" height=\"221\" src=\"https:\/\/fcnq.ca\/wp-content\/uploads\/2025\/04\/vector-graphic-white-01.png\" class=\"attachment-large size-large wp-image-942\" alt=\"\" \/>\t\t\t\t\t\t\t\t\t\t\t<figcaption class=\"widget-image-caption wp-caption-text\">Vice-pr\u00e9sidente, C\u00f4te d'Ungava<\/br> Sarah Johannes<\/br> (Kuujjjuaq)<\/figcaption>\n\t\t\t\t\t\t\t\t\t\t<\/figure>\n\t\t\t\t\t\t\t\t\t<\/div>\n\t\t\t\t<\/div>\n\t\t\t\t<div class=\"elementor-element elementor-element-716cde27 elementor-widget elementor-widget-image\" data-id=\"716cde27\" data-element_type=\"widget\" data-widget_type=\"image.default\">\n\t\t\t\t<div class=\"elementor-widget-container\">\n\t\t\t\t\t\t\t\t\t\t\t\t<figure class=\"wp-caption\">\n\t\t\t\t\t\t\t\t\t\t<img fetchpriority=\"high\" decoding=\"async\" width=\"268\" height=\"221\" src=\"https:\/\/fcnq.ca\/wp-content\/uploads\/2025\/04\/vector-graphic-white-01.png\" class=\"attachment-large size-large wp-image-942\" alt=\"\" \/>\t\t\t\t\t\t\t\t\t\t\t<figcaption class=\"widget-image-caption wp-caption-text\">Membre de la direction<\/br> Elijah Imbeault<\/br> (Kangiqsualujjuaq)<\/figcaption>\n\t\t\t\t\t\t\t\t\t\t<\/figure>\n\t\t\t\t\t\t\t\t\t<\/div>\n\t\t\t\t<\/div>\n\t\t\t\t<div class=\"elementor-element elementor-element-4ab6b5a1 elementor-widget elementor-widget-image\" data-id=\"4ab6b5a1\" data-element_type=\"widget\" data-widget_type=\"image.default\">\n\t\t\t\t<div class=\"elementor-widget-container\">\n\t\t\t\t\t\t\t\t\t\t\t\t<figure class=\"wp-caption\">\n\t\t\t\t\t\t\t\t\t\t<img fetchpriority=\"high\" decoding=\"async\" width=\"268\" height=\"221\" src=\"https:\/\/fcnq.ca\/wp-content\/uploads\/2025\/04\/vector-graphic-white-01.png\" class=\"attachment-large size-large wp-image-942\" alt=\"\" \/>\t\t\t\t\t\t\t\t\t\t\t<figcaption class=\"widget-image-caption wp-caption-text\">Membre de la direction<\/br> Paulusi Beaulne<\/br> (Puvirnituq)<\/figcaption>\n\t\t\t\t\t\t\t\t\t\t<\/figure>\n\t\t\t\t\t\t\t\t\t<\/div>\n\t\t\t\t<\/div>\n\t\t\t\t<\/div>\n\t\t\t\t\t<\/div>\n\t\t\t\t<\/div>\n\t\t<div class=\"elementor-element elementor-element-72b5e6f4 e-con-full e-flex e-con e-parent\" data-id=\"72b5e6f4\" data-element_type=\"container\" id=\"committee\" data-settings=\"{&quot;background_background&quot;:&quot;gradient&quot;}\">\n\t\t<div class=\"elementor-element elementor-element-52c5a80e e-flex e-con-boxed e-con e-child\" data-id=\"52c5a80e\" data-element_type=\"container\">\n\t\t\t\t\t<div class=\"e-con-inner\">\n\t\t\t\t<div class=\"elementor-element elementor-element-777763f4 elementor-widget elementor-widget-heading\" data-id=\"777763f4\" data-element_type=\"widget\" data-widget_type=\"heading.default\">\n\t\t\t\t<div class=\"elementor-widget-container\">\n\t\t\t\t\t<h5 class=\"elementor-heading-title elementor-size-default\"> GOUVERNANCE ET R\u00c9SULTATS DES \u00c9LECTIONS<\/h5>\t\t\t\t<\/div>\n\t\t\t\t<\/div>\n\t\t\t\t<div class=\"elementor-element elementor-element-684d5b22 elementor-widget elementor-widget-heading\" data-id=\"684d5b22\" data-element_type=\"widget\" data-widget_type=\"heading.default\">\n\t\t\t\t<div class=\"elementor-widget-container\">\n\t\t\t\t\t<h2 class=\"elementor-heading-title elementor-size-default\">Conseil d\u2019administration<\/h2>\t\t\t\t<\/div>\n\t\t\t\t<\/div>\n\t\t\t\t<div class=\"elementor-element elementor-element-69bc9c0e elementor-widget elementor-widget-heading\" data-id=\"69bc9c0e\" data-element_type=\"widget\" data-widget_type=\"heading.default\">\n\t\t\t\t<div class=\"elementor-widget-container\">\n\t\t\t\t\t<h4 class=\"elementor-heading-title elementor-size-default\">Le conseil d\u2019administration de la FCNQ-Ilagiisaq est compos\u00e9 d\u2019un administrateur provenant de chaque coop\u00e9rative, nomm\u00e9 par le conseil d\u2019administration de cette coop\u00e9rative. Ce repr\u00e9sentant doit \u00eatre soit membre du conseil d\u2019administration de sa coop\u00e9rative, soit le directeur g\u00e9n\u00e9ral de celle-ci. La coop\u00e9rative de Kuujjuarapik nomme deux repr\u00e9sentants au conseil : un parmi ses administrateurs cris et un parmi ses administrateurs inuits.<\/h4>\t\t\t\t<\/div>\n\t\t\t\t<\/div>\n\t\t\t\t\t<\/div>\n\t\t\t\t<\/div>\n\t\t<div class=\"elementor-element elementor-element-921d694 e-con-full e-grid e-con e-child\" data-id=\"921d694\" data-element_type=\"container\" data-settings=\"{&quot;background_background&quot;:&quot;classic&quot;}\">\n\t\t<div class=\"elementor-element elementor-element-5f0338c8 e-con-full e-flex e-con e-child\" data-id=\"5f0338c8\" data-element_type=\"container\">\n\t\t\t\t<div class=\"elementor-element elementor-element-534835e0 elementor-widget elementor-widget-heading\" data-id=\"534835e0\" data-element_type=\"widget\" data-widget_type=\"heading.default\">\n\t\t\t\t<div class=\"elementor-widget-container\">\n\t\t\t\t\t<h5 class=\"elementor-heading-title elementor-size-default\">Coop\u00e9ratives<\/h5>\t\t\t\t<\/div>\n\t\t\t\t<\/div>\n\t\t\t\t<div class=\"elementor-element elementor-element-f7e16e8 elementor-widget elementor-widget-heading\" data-id=\"f7e16e8\" data-element_type=\"widget\" data-widget_type=\"heading.default\">\n\t\t\t\t<div class=\"elementor-widget-container\">\n\t\t\t\t\t<h5 class=\"elementor-heading-title elementor-size-default\">Administrateur<\/h5>\t\t\t\t<\/div>\n\t\t\t\t<\/div>\n\t\t\t\t<\/div>\n\t\t<div class=\"elementor-element elementor-element-6a546bc e-con-full e-flex e-con e-child\" data-id=\"6a546bc\" data-element_type=\"container\">\n\t\t\t\t<div class=\"elementor-element elementor-element-0b9d2f7 elementor-widget elementor-widget-text-editor\" data-id=\"0b9d2f7\" data-element_type=\"widget\" data-widget_type=\"text-editor.default\">\n\t\t\t\t<div class=\"elementor-widget-container\">\n\t\t\t\t\t\t\t\t\tAkulivik\t\t\t\t\t\t\t\t<\/div>\n\t\t\t\t<\/div>\n\t\t\t\t<div class=\"elementor-element elementor-element-c4f3ed2 elementor-widget elementor-widget-text-editor\" data-id=\"c4f3ed2\" data-element_type=\"widget\" data-widget_type=\"text-editor.default\">\n\t\t\t\t<div class=\"elementor-widget-container\">\n\t\t\t\t\t\t\t\t\tAlacie Qaqutuk\t\t\t\t\t\t\t\t<\/div>\n\t\t\t\t<\/div>\n\t\t\t\t<\/div>\n\t\t<div class=\"elementor-element elementor-element-c81a1dd e-con-full e-flex e-con e-child\" data-id=\"c81a1dd\" data-element_type=\"container\">\n\t\t\t\t<div class=\"elementor-element elementor-element-5001a60 elementor-widget elementor-widget-text-editor\" data-id=\"5001a60\" data-element_type=\"widget\" data-widget_type=\"text-editor.default\">\n\t\t\t\t<div class=\"elementor-widget-container\">\n\t\t\t\t\t\t\t\t\tAupaluk\t\t\t\t\t\t\t\t<\/div>\n\t\t\t\t<\/div>\n\t\t\t\t<div class=\"elementor-element elementor-element-7822652 elementor-widget elementor-widget-text-editor\" data-id=\"7822652\" data-element_type=\"widget\" data-widget_type=\"text-editor.default\">\n\t\t\t\t<div class=\"elementor-widget-container\">\n\t\t\t\t\t\t\t\t\tMasha Onningnak\t\t\t\t\t\t\t\t<\/div>\n\t\t\t\t<\/div>\n\t\t\t\t<\/div>\n\t\t<div class=\"elementor-element elementor-element-35d2667d e-con-full e-flex e-con e-child\" data-id=\"35d2667d\" data-element_type=\"container\">\n\t\t\t\t<div class=\"elementor-element elementor-element-6c768e83 elementor-widget elementor-widget-text-editor\" data-id=\"6c768e83\" data-element_type=\"widget\" data-widget_type=\"text-editor.default\">\n\t\t\t\t<div class=\"elementor-widget-container\">\n\t\t\t\t\t\t\t\t\tInukjuak\t\t\t\t\t\t\t\t<\/div>\n\t\t\t\t<\/div>\n\t\t\t\t<div class=\"elementor-element elementor-element-34ef92ae elementor-widget elementor-widget-text-editor\" data-id=\"34ef92ae\" data-element_type=\"widget\" data-widget_type=\"text-editor.default\">\n\t\t\t\t<div class=\"elementor-widget-container\">\n\t\t\t\t\t\t\t\t\tShaomik Inukpuk\t\t\t\t\t\t\t\t<\/div>\n\t\t\t\t<\/div>\n\t\t\t\t<\/div>\n\t\t<div class=\"elementor-element elementor-element-57682feb e-con-full e-flex e-con e-child\" data-id=\"57682feb\" data-element_type=\"container\">\n\t\t\t\t<div class=\"elementor-element elementor-element-620f1388 elementor-widget elementor-widget-text-editor\" data-id=\"620f1388\" data-element_type=\"widget\" data-widget_type=\"text-editor.default\">\n\t\t\t\t<div class=\"elementor-widget-container\">\n\t\t\t\t\t\t\t\t\tIvujivik\t\t\t\t\t\t\t\t<\/div>\n\t\t\t\t<\/div>\n\t\t\t\t<div class=\"elementor-element elementor-element-6f619420 elementor-widget elementor-widget-text-editor\" data-id=\"6f619420\" data-element_type=\"widget\" data-widget_type=\"text-editor.default\">\n\t\t\t\t<div class=\"elementor-widget-container\">\n\t\t\t\t\t\t\t\t\tTivi Iyaituk\t\t\t\t\t\t\t\t<\/div>\n\t\t\t\t<\/div>\n\t\t\t\t<\/div>\n\t\t<div class=\"elementor-element elementor-element-2980cac7 e-con-full e-flex e-con e-child\" data-id=\"2980cac7\" data-element_type=\"container\">\n\t\t\t\t<div class=\"elementor-element elementor-element-60f57796 elementor-widget elementor-widget-text-editor\" data-id=\"60f57796\" data-element_type=\"widget\" data-widget_type=\"text-editor.default\">\n\t\t\t\t<div class=\"elementor-widget-container\">\n\t\t\t\t\t\t\t\t\tKangiqsualujjuaq\t\t\t\t\t\t\t\t<\/div>\n\t\t\t\t<\/div>\n\t\t\t\t<div class=\"elementor-element elementor-element-130ba362 elementor-widget elementor-widget-text-editor\" data-id=\"130ba362\" data-element_type=\"widget\" data-widget_type=\"text-editor.default\">\n\t\t\t\t<div class=\"elementor-widget-container\">\n\t\t\t\t\t\t\t\t\tElijah Imbeault\t\t\t\t\t\t\t\t<\/div>\n\t\t\t\t<\/div>\n\t\t\t\t<\/div>\n\t\t<div class=\"elementor-element elementor-element-1443db3c e-con-full e-flex e-con e-child\" data-id=\"1443db3c\" data-element_type=\"container\">\n\t\t\t\t<div class=\"elementor-element elementor-element-4056122d elementor-widget elementor-widget-text-editor\" data-id=\"4056122d\" data-element_type=\"widget\" data-widget_type=\"text-editor.default\">\n\t\t\t\t<div class=\"elementor-widget-container\">\n\t\t\t\t\t\t\t\t\tKangiqsujuaq\t\t\t\t\t\t\t\t<\/div>\n\t\t\t\t<\/div>\n\t\t\t\t<div class=\"elementor-element elementor-element-3cfbe632 elementor-widget elementor-widget-text-editor\" data-id=\"3cfbe632\" data-element_type=\"widget\" data-widget_type=\"text-editor.default\">\n\t\t\t\t<div class=\"elementor-widget-container\">\n\t\t\t\t\t\t\t\t\tAquujaq Qisiiq\t\t\t\t\t\t\t\t<\/div>\n\t\t\t\t<\/div>\n\t\t\t\t<\/div>\n\t\t<div class=\"elementor-element elementor-element-6577c751 e-con-full e-flex e-con e-child\" data-id=\"6577c751\" data-element_type=\"container\">\n\t\t\t\t<div class=\"elementor-element elementor-element-671fc6d0 elementor-widget elementor-widget-text-editor\" data-id=\"671fc6d0\" data-element_type=\"widget\" data-widget_type=\"text-editor.default\">\n\t\t\t\t<div class=\"elementor-widget-container\">\n\t\t\t\t\t\t\t\t\tKangirsuk\t\t\t\t\t\t\t\t<\/div>\n\t\t\t\t<\/div>\n\t\t\t\t<div class=\"elementor-element elementor-element-487069c4 elementor-widget elementor-widget-text-editor\" data-id=\"487069c4\" data-element_type=\"widget\" data-widget_type=\"text-editor.default\">\n\t\t\t\t<div class=\"elementor-widget-container\">\n\t\t\t\t\t\t\t\t\tElena Airo\t\t\t\t\t\t\t\t<\/div>\n\t\t\t\t<\/div>\n\t\t\t\t<\/div>\n\t\t<div class=\"elementor-element elementor-element-5b4892a e-con-full e-flex e-con e-child\" data-id=\"5b4892a\" data-element_type=\"container\">\n\t\t\t\t<div class=\"elementor-element elementor-element-3070a53 elementor-widget elementor-widget-text-editor\" data-id=\"3070a53\" data-element_type=\"widget\" data-widget_type=\"text-editor.default\">\n\t\t\t\t<div class=\"elementor-widget-container\">\n\t\t\t\t\t\t\t\t\tKuujjuaq\t\t\t\t\t\t\t\t<\/div>\n\t\t\t\t<\/div>\n\t\t\t\t<div class=\"elementor-element elementor-element-3b85c94 elementor-widget elementor-widget-text-editor\" data-id=\"3b85c94\" data-element_type=\"widget\" data-widget_type=\"text-editor.default\">\n\t\t\t\t<div class=\"elementor-widget-container\">\n\t\t\t\t\t\t\t\t\tSarah Johannes\t\t\t\t\t\t\t\t<\/div>\n\t\t\t\t<\/div>\n\t\t\t\t<\/div>\n\t\t<div class=\"elementor-element elementor-element-5c834651 e-con-full e-flex e-con e-child\" data-id=\"5c834651\" data-element_type=\"container\">\n\t\t\t\t<div class=\"elementor-element elementor-element-2928cfe1 elementor-widget elementor-widget-text-editor\" data-id=\"2928cfe1\" data-element_type=\"widget\" data-widget_type=\"text-editor.default\">\n\t\t\t\t<div class=\"elementor-widget-container\">\n\t\t\t\t\t\t\t\t\tKuujjuaraapik \/ Whapmagoostui\t\t\t\t\t\t\t\t<\/div>\n\t\t\t\t<\/div>\n\t\t\t\t<div class=\"elementor-element elementor-element-586c1cbc elementor-widget elementor-widget-text-editor\" data-id=\"586c1cbc\" data-element_type=\"widget\" data-widget_type=\"text-editor.default\">\n\t\t\t\t<div class=\"elementor-widget-container\">\n\t\t\t\t\t\t\t\t\tParsa Kitishimik \/ Melissa Natachequan\t\t\t\t\t\t\t\t<\/div>\n\t\t\t\t<\/div>\n\t\t\t\t<\/div>\n\t\t<div class=\"elementor-element elementor-element-2574aaf3 e-con-full e-flex e-con e-child\" data-id=\"2574aaf3\" data-element_type=\"container\">\n\t\t\t\t<div class=\"elementor-element elementor-element-9732e6f elementor-widget elementor-widget-text-editor\" data-id=\"9732e6f\" data-element_type=\"widget\" data-widget_type=\"text-editor.default\">\n\t\t\t\t<div class=\"elementor-widget-container\">\n\t\t\t\t\t\t\t\t\tPuvirnituq\t\t\t\t\t\t\t\t<\/div>\n\t\t\t\t<\/div>\n\t\t\t\t<div class=\"elementor-element elementor-element-29d38b06 elementor-widget elementor-widget-text-editor\" data-id=\"29d38b06\" data-element_type=\"widget\" data-widget_type=\"text-editor.default\">\n\t\t\t\t<div class=\"elementor-widget-container\">\n\t\t\t\t\t\t\t\t\tEluscar Tukalak\t\t\t\t\t\t\t\t<\/div>\n\t\t\t\t<\/div>\n\t\t\t\t<\/div>\n\t\t<div class=\"elementor-element elementor-element-616d24f1 e-con-full e-flex e-con e-child\" data-id=\"616d24f1\" data-element_type=\"container\">\n\t\t\t\t<div class=\"elementor-element elementor-element-274be1f4 elementor-widget elementor-widget-text-editor\" data-id=\"274be1f4\" data-element_type=\"widget\" data-widget_type=\"text-editor.default\">\n\t\t\t\t<div class=\"elementor-widget-container\">\n\t\t\t\t\t\t\t\t\tQuaqtaq\t\t\t\t\t\t\t\t<\/div>\n\t\t\t\t<\/div>\n\t\t\t\t<div class=\"elementor-element elementor-element-7cc41fb elementor-widget elementor-widget-text-editor\" data-id=\"7cc41fb\" data-element_type=\"widget\" data-widget_type=\"text-editor.default\">\n\t\t\t\t<div class=\"elementor-widget-container\">\n\t\t\t\t\t\t\t\t\tAloupa Kulula\t\t\t\t\t\t\t\t<\/div>\n\t\t\t\t<\/div>\n\t\t\t\t<\/div>\n\t\t<div class=\"elementor-element elementor-element-31a4307e e-con-full e-flex e-con e-child\" data-id=\"31a4307e\" data-element_type=\"container\">\n\t\t\t\t<div class=\"elementor-element elementor-element-37990f elementor-widget elementor-widget-text-editor\" data-id=\"37990f\" data-element_type=\"widget\" data-widget_type=\"text-editor.default\">\n\t\t\t\t<div class=\"elementor-widget-container\">\n\t\t\t\t\t\t\t\t\tSalluit\t\t\t\t\t\t\t\t<\/div>\n\t\t\t\t<\/div>\n\t\t\t\t<div class=\"elementor-element elementor-element-a16d602 elementor-widget elementor-widget-text-editor\" data-id=\"a16d602\" data-element_type=\"widget\" data-widget_type=\"text-editor.default\">\n\t\t\t\t<div class=\"elementor-widget-container\">\n\t\t\t\t\t\t\t\t\tElaisa Audlaluk\t\t\t\t\t\t\t\t<\/div>\n\t\t\t\t<\/div>\n\t\t\t\t<\/div>\n\t\t<div class=\"elementor-element elementor-element-13f572f7 e-con-full e-flex e-con e-child\" data-id=\"13f572f7\" data-element_type=\"container\">\n\t\t\t\t<div class=\"elementor-element elementor-element-6aca2412 elementor-widget elementor-widget-text-editor\" data-id=\"6aca2412\" data-element_type=\"widget\" data-widget_type=\"text-editor.default\">\n\t\t\t\t<div class=\"elementor-widget-container\">\n\t\t\t\t\t\t\t\t\tTasiujaq\t\t\t\t\t\t\t\t<\/div>\n\t\t\t\t<\/div>\n\t\t\t\t<div class=\"elementor-element elementor-element-17018a57 elementor-widget elementor-widget-text-editor\" data-id=\"17018a57\" data-element_type=\"widget\" data-widget_type=\"text-editor.default\">\n\t\t\t\t<div class=\"elementor-widget-container\">\n\t\t\t\t\t\t\t\t\tPeter Angnatuk\t\t\t\t\t\t\t\t<\/div>\n\t\t\t\t<\/div>\n\t\t\t\t<\/div>\n\t\t<div class=\"elementor-element elementor-element-2ba40f10 e-con-full e-flex e-con e-child\" data-id=\"2ba40f10\" data-element_type=\"container\">\n\t\t\t\t<div class=\"elementor-element elementor-element-571a1b6f elementor-widget elementor-widget-text-editor\" data-id=\"571a1b6f\" data-element_type=\"widget\" data-widget_type=\"text-editor.default\">\n\t\t\t\t<div class=\"elementor-widget-container\">\n\t\t\t\t\t\t\t\t\t<p>Umiujaq<\/p>\t\t\t\t\t\t\t\t<\/div>\n\t\t\t\t<\/div>\n\t\t\t\t<div class=\"elementor-element elementor-element-4f0805e4 elementor-widget elementor-widget-text-editor\" data-id=\"4f0805e4\" data-element_type=\"widget\" data-widget_type=\"text-editor.default\">\n\t\t\t\t<div class=\"elementor-widget-container\">\n\t\t\t\t\t\t\t\t\t<p>Charlie Kumarluk<\/p>\t\t\t\t\t\t\t\t<\/div>\n\t\t\t\t<\/div>\n\t\t\t\t<\/div>\n\t\t\t\t<\/div>\n\t\t\t\t<\/div>\n\t\t\t\t<\/div>\n\t\t","protected":false},"excerpt":{"rendered":"<p>Comit\u00e9 ex\u00e9cutif \u00c0 la suite de l\u2019Assembl\u00e9e g\u00e9n\u00e9rale annuelle de la FCNQ\u2013Ilagiisaq, le conseil tient sa premi\u00e8re s\u00e9ance pour \u00e9lire son Comit\u00e9 ex\u00e9cutif \u2014 comprenant un pr\u00e9sident, deux vice-pr\u00e9sidents (pour la baie d\u2019Ungava et la baie d\u2019Hudson) et deux directeurs ex\u00e9cutifs \u2014 qui si\u00e8gent \u00e9galement aux conseils d\u2019administration de leurs coop\u00e9ratives locales respectives. Pr\u00e9sident, Eluscar [&hellip;]<\/p>\n","protected":false},"author":3,"featured_media":0,"parent":0,"menu_order":0,"comment_status":"closed","ping_status":"closed","template":"","meta":{"site-sidebar-layout":"no-sidebar","site-content-layout":"page-builder","ast-site-content-layout":"full-width-container","site-content-style":"default","site-sidebar-style":"default","ast-global-header-display":"","ast-banner-title-visibility":"","ast-main-header-display":"","ast-hfb-above-header-display":"","ast-hfb-below-header-display":"","ast-hfb-mobile-header-display":"","site-post-title":"disabled","ast-breadcrumbs-content":"","ast-featured-img":"disabled","footer-sml-layout":"","ast-disable-related-posts":"","theme-transparent-header-meta":"","adv-header-id-meta":"","stick-header-meta":"","header-above-stick-meta":"","header-main-stick-meta":"","header-below-stick-meta":"","astra-migrate-meta-layouts":"default","ast-page-background-enabled":"default","ast-page-background-meta":{"desktop":{"background-color":"","background-image":"","background-repeat":"repeat","background-position":"center center","background-size":"auto","background-attachment":"scroll","background-type":"","background-media":"","overlay-type":"","overlay-color":"","overlay-opacity":"","overlay-gradient":""},"tablet":{"background-color":"","background-image":"","background-repeat":"repeat","background-position":"center center","background-size":"auto","background-attachment":"scroll","background-type":"","background-media":"","overlay-type":"","overlay-color":"","overlay-opacity":"","overlay-gradient":""},"mobile":{"background-color":"","background-image":"","background-repeat":"repeat","background-position":"center center","background-size":"auto","background-attachment":"scroll","background-type":"","background-media":"","overlay-type":"","overlay-color":"","overlay-opacity":"","overlay-gradient":""}},"ast-content-background-meta":{"desktop":{"background-color":"var(--ast-global-color-5)","background-image":"","background-repeat":"repeat","background-position":"center center","background-size":"auto","background-attachment":"scroll","background-type":"","background-media":"","overlay-type":"","overlay-color":"","overlay-opacity":"","overlay-gradient":""},"tablet":{"background-color":"var(--ast-global-color-5)","background-image":"","background-repeat":"repeat","background-position":"center center","background-size":"auto","background-attachment":"scroll","background-type":"","background-media":"","overlay-type":"","overlay-color":"","overlay-opacity":"","overlay-gradient":""},"mobile":{"background-color":"var(--ast-global-color-5)","background-image":"","background-repeat":"repeat","background-position":"center center","background-size":"auto","background-attachment":"scroll","background-type":"","background-media":"","overlay-type":"","overlay-color":"","overlay-opacity":"","overlay-gradient":""}},"footnotes":""},"class_list":["post-2071","page","type-page","status-publish","hentry"],"_links":{"self":[{"href":"https:\/\/fcnq.ca\/fr\/wp-json\/wp\/v2\/pages\/2071","targetHints":{"allow":["GET"]}}],"collection":[{"href":"https:\/\/fcnq.ca\/fr\/wp-json\/wp\/v2\/pages"}],"about":[{"href":"https:\/\/fcnq.ca\/fr\/wp-json\/wp\/v2\/types\/page"}],"author":[{"embeddable":true,"href":"https:\/\/fcnq.ca\/fr\/wp-json\/wp\/v2\/users\/3"}],"replies":[{"embeddable":true,"href":"https:\/\/fcnq.ca\/fr\/wp-json\/wp\/v2\/comments?post=2071"}],"version-history":[{"count":10,"href":"https:\/\/fcnq.ca\/fr\/wp-json\/wp\/v2\/pages\/2071\/revisions"}],"predecessor-version":[{"id":2100,"href":"https:\/\/fcnq.ca\/fr\/wp-json\/wp\/v2\/pages\/2071\/revisions\/2100"}],"wp:attachment":[{"href":"https:\/\/fcnq.ca\/fr\/wp-json\/wp\/v2\/media?parent=2071"}],"curies":[{"name":"wp","href":"https:\/\/api.w.org\/{rel}","templated":true}]}}